{"id":78,"date":"2026-03-03T15:49:00","date_gmt":"2026-03-03T15:49:00","guid":{"rendered":"https:\/\/ismailortaegitimdanismanligi.com.tr\/?page_id=78"},"modified":"2026-03-28T13:25:04","modified_gmt":"2026-03-28T13:25:04","slug":"ana-sayfa","status":"publish","type":"page","link":"https:\/\/ismailortaegitimdanismanligi.com.tr\/","title":{"rendered":"Ana Sayfa"},"content":{"rendered":"","protected":false},"excerpt":{"rendered":"","protected":false},"author":1,"featured_media":0,"parent":0,"menu_order":0,"comment_status":"closed","ping_status":"closed","template":"","meta":{"inline_featured_image":false,"footnotes":""},"class_list":["post-78","page","type-page","status-publish","hentry"],"yoast_head":"<!-- This site is optimized with the Yoast SEO plugin v27.2 - https:\/\/yoast.com\/product\/yoast-seo-wordpress\/ -->\n<title>\u0130smail Orta E\u011fitim Dan\u0131\u015fmanl\u0131\u011f\u0131 - LGS &amp; E\u011fitim Dan\u0131\u015fmanl\u0131\u011f\u0131 ve Ko\u00e7lu\u011fu - Ata\u015fehir<\/title>\n<meta name=\"robots\" content=\"index, follow, max-snippet:-1, max-image-preview:large, max-video-preview:-1\" \/>\n<link rel=\"canonical\" href=\"https:\/\/ismailortaegitimdanismanligi.com.tr\/\" \/>\n<meta property=\"og:locale\" content=\"tr_TR\" \/>\n<meta property=\"og:type\" content=\"article\" \/>\n<meta property=\"og:title\" content=\"\u0130smail Orta E\u011fitim Dan\u0131\u015fmanl\u0131\u011f\u0131 - LGS &amp; E\u011fitim Dan\u0131\u015fmanl\u0131\u011f\u0131 ve Ko\u00e7lu\u011fu - Ata\u015fehir\" \/>\n<meta property=\"og:url\" content=\"https:\/\/ismailortaegitimdanismanligi.com.tr\/\" \/>\n<meta property=\"og:site_name\" content=\"\u0130smail Orta E\u011fitim Dan\u0131\u015fmanl\u0131\u011f\u0131\" \/>\n<meta property=\"article:modified_time\" content=\"2026-03-28T13:25:04+00:00\" \/>\n<meta name=\"twitter:card\" content=\"summary_large_image\" \/>\n<script type=\"application\/ld+json\" class=\"yoast-schema-graph\">{\"@context\":\"https:\/\/schema.org\",\"@graph\":[{\"@type\":\"WebPage\",\"@id\":\"https:\/\/ismailortaegitimdanismanligi.com.tr\/\",\"url\":\"https:\/\/ismailortaegitimdanismanligi.com.tr\/\",\"name\":\"\u0130smail Orta E\u011fitim Dan\u0131\u015fmanl\u0131\u011f\u0131 - LGS & E\u011fitim Dan\u0131\u015fmanl\u0131\u011f\u0131 ve Ko\u00e7lu\u011fu - Ata\u015fehir\",\"isPartOf\":{\"@id\":\"https:\/\/ismailortaegitimdanismanligi.com.tr\/#website\"},\"datePublished\":\"2026-03-03T15:49:00+00:00\",\"dateModified\":\"2026-03-28T13:25:04+00:00\",\"breadcrumb\":{\"@id\":\"https:\/\/ismailortaegitimdanismanligi.com.tr\/#breadcrumb\"},\"inLanguage\":\"tr\",\"potentialAction\":[{\"@type\":\"ReadAction\",\"target\":[\"https:\/\/ismailortaegitimdanismanligi.com.tr\/\"]}]},{\"@type\":\"BreadcrumbList\",\"@id\":\"https:\/\/ismailortaegitimdanismanligi.com.tr\/#breadcrumb\",\"itemListElement\":[{\"@type\":\"ListItem\",\"position\":1,\"name\":\"Anasayfa\",\"item\":\"https:\/\/ismailortaegitimdanismanligi.com.tr\/\"},{\"@type\":\"ListItem\",\"position\":2,\"name\":\"Ana Sayfa\"}]},{\"@type\":\"WebSite\",\"@id\":\"https:\/\/ismailortaegitimdanismanligi.com.tr\/#website\",\"url\":\"https:\/\/ismailortaegitimdanismanligi.com.tr\/\",\"name\":\"\u0130smail Orta E\u011fitim Dan\u0131\u015fmanl\u0131\u011f\u0131\",\"description\":\"\",\"potentialAction\":[{\"@type\":\"SearchAction\",\"target\":{\"@type\":\"EntryPoint\",\"urlTemplate\":\"https:\/\/ismailortaegitimdanismanligi.com.tr\/?s={search_term_string}\"},\"query-input\":{\"@type\":\"PropertyValueSpecification\",\"valueRequired\":true,\"valueName\":\"search_term_string\"}}],\"inLanguage\":\"tr\"}]}<\/script>\n<!-- \/ Yoast SEO plugin. -->","yoast_head_json":{"title":"\u0130smail Orta E\u011fitim Dan\u0131\u015fmanl\u0131\u011f\u0131 - LGS & E\u011fitim Dan\u0131\u015fmanl\u0131\u011f\u0131 ve Ko\u00e7lu\u011fu - Ata\u015fehir","robots":{"index":"index","follow":"follow","max-snippet":"max-snippet:-1","max-image-preview":"max-image-preview:large","max-video-preview":"max-video-preview:-1"},"canonical":"https:\/\/ismailortaegitimdanismanligi.com.tr\/","og_locale":"tr_TR","og_type":"article","og_title":"\u0130smail Orta E\u011fitim Dan\u0131\u015fmanl\u0131\u011f\u0131 - LGS & E\u011fitim Dan\u0131\u015fmanl\u0131\u011f\u0131 ve Ko\u00e7lu\u011fu - Ata\u015fehir","og_url":"https:\/\/ismailortaegitimdanismanligi.com.tr\/","og_site_name":"\u0130smail Orta E\u011fitim Dan\u0131\u015fmanl\u0131\u011f\u0131","article_modified_time":"2026-03-28T13:25:04+00:00","twitter_card":"summary_large_image","schema":{"@context":"https:\/\/schema.org","@graph":[{"@type":"WebPage","@id":"https:\/\/ismailortaegitimdanismanligi.com.tr\/","url":"https:\/\/ismailortaegitimdanismanligi.com.tr\/","name":"\u0130smail Orta E\u011fitim Dan\u0131\u015fmanl\u0131\u011f\u0131 - LGS & E\u011fitim Dan\u0131\u015fmanl\u0131\u011f\u0131 ve Ko\u00e7lu\u011fu - Ata\u015fehir","isPartOf":{"@id":"https:\/\/ismailortaegitimdanismanligi.com.tr\/#website"},"datePublished":"2026-03-03T15:49:00+00:00","dateModified":"2026-03-28T13:25:04+00:00","breadcrumb":{"@id":"https:\/\/ismailortaegitimdanismanligi.com.tr\/#breadcrumb"},"inLanguage":"tr","potentialAction":[{"@type":"ReadAction","target":["https:\/\/ismailortaegitimdanismanligi.com.tr\/"]}]},{"@type":"BreadcrumbList","@id":"https:\/\/ismailortaegitimdanismanligi.com.tr\/#breadcrumb","itemListElement":[{"@type":"ListItem","position":1,"name":"Anasayfa","item":"https:\/\/ismailortaegitimdanismanligi.com.tr\/"},{"@type":"ListItem","position":2,"name":"Ana Sayfa"}]},{"@type":"WebSite","@id":"https:\/\/ismailortaegitimdanismanligi.com.tr\/#website","url":"https:\/\/ismailortaegitimdanismanligi.com.tr\/","name":"\u0130smail Orta E\u011fitim Dan\u0131\u015fmanl\u0131\u011f\u0131","description":"","potentialAction":[{"@type":"SearchAction","target":{"@type":"EntryPoint","urlTemplate":"https:\/\/ismailortaegitimdanismanligi.com.tr\/?s={search_term_string}"},"query-input":{"@type":"PropertyValueSpecification","valueRequired":true,"valueName":"search_term_string"}}],"inLanguage":"tr"}]}},"_links":{"self":[{"href":"https:\/\/ismailortaegitimdanismanligi.com.tr\/index.php?rest_route=\/wp\/v2\/pages\/78","targetHints":{"allow":["GET"]}}],"collection":[{"href":"https:\/\/ismailortaegitimdanismanligi.com.tr\/index.php?rest_route=\/wp\/v2\/pages"}],"about":[{"href":"https:\/\/ismailortaegitimdanismanligi.com.tr\/index.php?rest_route=\/wp\/v2\/types\/page"}],"author":[{"embeddable":true,"href":"https:\/\/ismailortaegitimdanismanligi.com.tr\/index.php?rest_route=\/wp\/v2\/users\/1"}],"replies":[{"embeddable":true,"href":"https:\/\/ismailortaegitimdanismanligi.com.tr\/index.php?rest_route=%2Fwp%2Fv2%2Fcomments&post=78"}],"version-history":[{"count":2,"href":"https:\/\/ismailortaegitimdanismanligi.com.tr\/index.php?rest_route=\/wp\/v2\/pages\/78\/revisions"}],"predecessor-version":[{"id":99,"href":"https:\/\/ismailortaegitimdanismanligi.com.tr\/index.php?rest_route=\/wp\/v2\/pages\/78\/revisions\/99"}],"wp:attachment":[{"href":"https:\/\/ismailortaegitimdanismanligi.com.tr\/index.php?rest_route=%2Fwp%2Fv2%2Fmedia&parent=78"}],"curies":[{"name":"wp","href":"https:\/\/api.w.org\/{rel}","templated":true}]}}